{"id":542,"date":"2020-07-04T07:53:08","date_gmt":"2020-07-04T07:53:08","guid":{"rendered":"http:\/\/hqd.mah.mybluehost.me\/themes\/anymag\/main\/?page_id=542"},"modified":"2024-02-10T10:21:51","modified_gmt":"2024-02-10T13:21:51","slug":"contate-nos","status":"publish","type":"page","link":"https:\/\/osadcsons.com.br\/?page_id=542","title":{"rendered":"Contate-nos"},"content":{"rendered":"\r\n<h2 class=\"wp-block-heading\">Como podemos <span class=\"has-inline-color\" style=\"color: #ff027f;\">ajudar voc\u00ea<\/span> hoje?<\/h2>\r\n\r\n\r\n\r\n<p>Por favor, me informe sobre o que voc\u00ea gostaria de discutir ou qualquer d\u00favida que voc\u00ea tenha.<\/p>\r\n\r\n\r\n\r\n\n<div class=\"wpcf7 no-js\" id=\"wpcf7-f556-o1\" lang=\"en-US\" dir=\"ltr\" data-wpcf7-id=\"556\">\n<div class=\"screen-reader-response\"><p role=\"status\" aria-live=\"polite\" aria-atomic=\"true\"><\/p> <ul><\/ul><\/div>\n<form action=\"\/index.php?rest_route=%2Fwp%2Fv2%2Fpages%2F542#wpcf7-f556-o1\" method=\"post\" class=\"wpcf7-form init\" aria-label=\"Contact form\" novalidate=\"novalidate\" data-status=\"init\">\n<fieldset class=\"hidden-fields-container\"><input type=\"hidden\" name=\"_wpcf7\" value=\"556\" \/><input type=\"hidden\" name=\"_wpcf7_version\" value=\"6.1.5\" \/><input type=\"hidden\" name=\"_wpcf7_locale\" value=\"en_US\" \/><input type=\"hidden\" name=\"_wpcf7_unit_tag\" value=\"wpcf7-f556-o1\" \/><input type=\"hidden\" name=\"_wpcf7_container_post\" value=\"0\" \/><input type=\"hidden\" name=\"_wpcf7_posted_data_hash\" value=\"\" \/>\n<\/fieldset>\n<div class=\"row\">\n\t<p class=\"field-half\"><label>Seu Nome *<br \/>\n<span class=\"wpcf7-form-control-wrap\" data-name=\"your-name\"><input size=\"40\" maxlength=\"400\" class=\"wpcf7-form-control wpcf7-text wpcf7-validates-as-required\" aria-required=\"true\" aria-invalid=\"false\" value=\"\" type=\"text\" name=\"your-name\" \/><\/span> <\/label>\n\t<\/p>\n\t<p class=\"field-half\"><label> Seu Email *<br \/>\n<span class=\"wpcf7-form-control-wrap\" data-name=\"your-email\"><input size=\"40\" maxlength=\"400\" class=\"wpcf7-form-control wpcf7-email wpcf7-validates-as-required wpcf7-text wpcf7-validates-as-email\" aria-required=\"true\" aria-invalid=\"false\" value=\"\" type=\"email\" name=\"your-email\" \/><\/span> <\/label>\n\t<\/p>\n\t<p class=\"field-full\"><label> Titulo<br \/>\n<span class=\"wpcf7-form-control-wrap\" data-name=\"your-subject\"><input size=\"40\" maxlength=\"400\" class=\"wpcf7-form-control wpcf7-text\" aria-invalid=\"false\" value=\"\" type=\"text\" name=\"your-subject\" \/><\/span> <\/label>\n\t<\/p>\n\t<p class=\"field-full\"><label> Mensagem<br \/>\n<span class=\"wpcf7-form-control-wrap\" data-name=\"your-message\"><textarea cols=\"40\" rows=\"10\" maxlength=\"2000\" class=\"wpcf7-form-control wpcf7-textarea\" aria-invalid=\"false\" name=\"your-message\"><\/textarea><\/span> <\/label>\n\t<\/p>\n\t<p class=\"field-full\"><br \/>\n<input class=\"wpcf7-form-control wpcf7-submit has-spinner\" type=\"submit\" value=\"Enviar Mensagem\" \/>\n\t<\/p>\n<\/div><div class=\"wpcf7-response-output\" aria-hidden=\"true\"><\/div>\n<\/form>\n<\/div>\n\r\n\r\n\r\n<div class=\"random-posts post-by-category shortcode\"><div class=\"random-items three-fr\"><div class=\"item-random\"><div class=\"random-image\">\r\n              <div class=\"overlay\"><\/div>\r\n              <a href=\"https:\/\/osadcsons.com.br\/?p=1407\"><img fetchpriority=\"high\" decoding=\"async\" width=\"490\" height=\"550\" src=\"https:\/\/osadcsons.com.br\/wp-content\/uploads\/2024\/02\/clarice1-490x550.jpg\" class=\"attachment-anymag-misc size-anymag-misc wp-post-image\" alt=\"\" \/><\/a>\r\n            <\/div><div class=\"random-ttl\">\r\n              <h5><a href=\"https:\/\/osadcsons.com.br\/?p=1407\">Se voc\u00ea tentar e falhar<\/a><\/h5><\/div><\/div><div class=\"item-random\"><div class=\"random-image\">\r\n              <div class=\"overlay\"><\/div>\r\n              <a href=\"https:\/\/osadcsons.com.br\/?p=1421\"><img decoding=\"async\" width=\"490\" height=\"550\" src=\"https:\/\/osadcsons.com.br\/wp-content\/uploads\/2024\/02\/vilao-490x550.jpg\" class=\"attachment-anymag-misc size-anymag-misc wp-post-image\" alt=\"\" \/><\/a>\r\n            <\/div><div class=\"random-ttl\">\r\n              <h5><a href=\"https:\/\/osadcsons.com.br\/?p=1421\">Voc\u00ea sempre ser\u00e1 o vil\u00e3o<\/a><\/h5><\/div><\/div><div class=\"item-random\"><div class=\"random-image\">\r\n              <div class=\"overlay\"><\/div>\r\n              <a href=\"https:\/\/osadcsons.com.br\/?p=1449\"><img decoding=\"async\" width=\"490\" height=\"550\" src=\"https:\/\/osadcsons.com.br\/wp-content\/uploads\/2024\/02\/zick-490x550.jpg\" class=\"attachment-anymag-misc size-anymag-misc wp-post-image\" alt=\"\" \/><\/a>\r\n            <\/div><div class=\"random-ttl\">\r\n              <h5><a href=\"https:\/\/osadcsons.com.br\/?p=1449\">PQP Eu sou adulto agora!<\/a><\/h5><\/div><\/div><div class=\"item-random\"><div class=\"random-image\">\r\n              <div class=\"overlay\"><\/div>\r\n              <a href=\"https:\/\/osadcsons.com.br\/?p=1428\"><img loading=\"lazy\" decoding=\"async\" width=\"490\" height=\"550\" src=\"https:\/\/osadcsons.com.br\/wp-content\/uploads\/2024\/02\/ET-490x550.jpg\" class=\"attachment-anymag-misc size-anymag-misc wp-post-image\" alt=\"\" \/><\/a>\r\n            <\/div><div class=\"random-ttl\">\r\n              <h5><a href=\"https:\/\/osadcsons.com.br\/?p=1428\">O que pode ser pior do que perder as pessoas que eu gosto?<\/a><\/h5><\/div><\/div><\/div><\/div>\n","protected":false},"excerpt":{"rendered":"<p>Como podemos ajudar voc\u00ea hoje? Por favor, me informe sobre o que voc\u00ea gostaria de discutir ou qualquer d\u00favida que voc\u00ea tenha.<\/p>\n","protected":false},"author":1,"featured_media":1396,"parent":0,"menu_order":0,"comment_status":"closed","ping_status":"closed","template":"","meta":{"_acf_changed":false,"footnotes":""},"class_list":["post-542","page","type-page","status-publish","has-post-thumbnail","hentry"],"acf":[],"_links":{"self":[{"href":"https:\/\/osadcsons.com.br\/index.php?rest_route=\/wp\/v2\/pages\/542","targetHints":{"allow":["GET"]}}],"collection":[{"href":"https:\/\/osadcsons.com.br\/index.php?rest_route=\/wp\/v2\/pages"}],"about":[{"href":"https:\/\/osadcsons.com.br\/index.php?rest_route=\/wp\/v2\/types\/page"}],"author":[{"embeddable":true,"href":"https:\/\/osadcsons.com.br\/index.php?rest_route=\/wp\/v2\/users\/1"}],"replies":[{"embeddable":true,"href":"https:\/\/osadcsons.com.br\/index.php?rest_route=%2Fwp%2Fv2%2Fcomments&post=542"}],"version-history":[{"count":4,"href":"https:\/\/osadcsons.com.br\/index.php?rest_route=\/wp\/v2\/pages\/542\/revisions"}],"predecessor-version":[{"id":1397,"href":"https:\/\/osadcsons.com.br\/index.php?rest_route=\/wp\/v2\/pages\/542\/revisions\/1397"}],"wp:featuredmedia":[{"embeddable":true,"href":"https:\/\/osadcsons.com.br\/index.php?rest_route=\/wp\/v2\/media\/1396"}],"wp:attachment":[{"href":"https:\/\/osadcsons.com.br\/index.php?rest_route=%2Fwp%2Fv2%2Fmedia&parent=542"}],"curies":[{"name":"wp","href":"https:\/\/api.w.org\/{rel}","templated":true}]}}