{"id":546,"date":"2020-07-04T07:58:05","date_gmt":"2020-07-04T07:58:05","guid":{"rendered":"http:\/\/hqd.mah.mybluehost.me\/themes\/anymag\/main\/?page_id=546"},"modified":"2024-02-10T12:11:26","modified_gmt":"2024-02-10T15:11:26","slug":"inscreva-se","status":"publish","type":"page","link":"https:\/\/osadcsons.com.br\/?page_id=546","title":{"rendered":"Inscreva-se"},"content":{"rendered":"\n<p>[mc4wp_form id=&#8221;482&#8243;]<\/p>\n\n\n<div class=\"random-posts post-by-category shortcode\"><div class=\"random-items three-fr\"><div class=\"item-random\"><div class=\"random-image\">\r\n              <div class=\"overlay\"><\/div>\r\n              <a href=\"https:\/\/osadcsons.com.br\/?p=107\"><img fetchpriority=\"high\" decoding=\"async\" width=\"490\" height=\"550\" src=\"https:\/\/osadcsons.com.br\/wp-content\/uploads\/2020\/07\/chove-490x550.jpg\" class=\"attachment-anymag-misc size-anymag-misc wp-post-image\" alt=\"\" \/><\/a>\r\n            <\/div><div class=\"random-ttl\">\r\n              <h5><a href=\"https:\/\/osadcsons.com.br\/?p=107\">Pessoas que ficam triste quando chove<\/a><\/h5><\/div><\/div><div class=\"item-random\"><div class=\"random-image\">\r\n              <div class=\"overlay\"><\/div>\r\n              <a href=\"https:\/\/osadcsons.com.br\/?p=1449\"><img decoding=\"async\" width=\"490\" height=\"550\" src=\"https:\/\/osadcsons.com.br\/wp-content\/uploads\/2024\/02\/zick-490x550.jpg\" class=\"attachment-anymag-misc size-anymag-misc wp-post-image\" alt=\"\" \/><\/a>\r\n            <\/div><div class=\"random-ttl\">\r\n              <h5><a href=\"https:\/\/osadcsons.com.br\/?p=1449\">PQP Eu sou adulto agora!<\/a><\/h5><\/div><\/div><div class=\"item-random\"><div class=\"random-image\">\r\n              <div class=\"overlay\"><\/div>\r\n              <a href=\"https:\/\/osadcsons.com.br\/?p=1421\"><img decoding=\"async\" width=\"490\" height=\"550\" src=\"https:\/\/osadcsons.com.br\/wp-content\/uploads\/2024\/02\/vilao-490x550.jpg\" class=\"attachment-anymag-misc size-anymag-misc wp-post-image\" alt=\"\" \/><\/a>\r\n            <\/div><div class=\"random-ttl\">\r\n              <h5><a href=\"https:\/\/osadcsons.com.br\/?p=1421\">Voc\u00ea sempre ser\u00e1 o vil\u00e3o<\/a><\/h5><\/div><\/div><div class=\"item-random\"><div class=\"random-image\">\r\n              <div class=\"overlay\"><\/div>\r\n              <a href=\"https:\/\/osadcsons.com.br\/?p=1435\"><img loading=\"lazy\" decoding=\"async\" width=\"490\" height=\"550\" src=\"https:\/\/osadcsons.com.br\/wp-content\/uploads\/2024\/02\/nill-490x550.jpg\" class=\"attachment-anymag-misc size-anymag-misc wp-post-image\" alt=\"\" \/><\/a>\r\n            <\/div><div class=\"random-ttl\">\r\n              <h5><a href=\"https:\/\/osadcsons.com.br\/?p=1435\">Nunca julgue um adulto sem conhecer a crian\u00e7a que ela foi<\/a><\/h5><\/div><\/div><\/div><\/div>\n","protected":false},"excerpt":{"rendered":"<p>[mc4wp_form id=&#8221;482&#8243;]<\/p>\n","protected":false},"author":1,"featured_media":1025,"parent":0,"menu_order":0,"comment_status":"closed","ping_status":"closed","template":"","meta":{"_acf_changed":false,"footnotes":""},"tags":[],"class_list":["post-546","page","type-page","status-publish","has-post-thumbnail","hentry"],"acf":[],"_links":{"self":[{"href":"https:\/\/osadcsons.com.br\/index.php?rest_route=\/wp\/v2\/pages\/546","targetHints":{"allow":["GET"]}}],"collection":[{"href":"https:\/\/osadcsons.com.br\/index.php?rest_route=\/wp\/v2\/pages"}],"about":[{"href":"https:\/\/osadcsons.com.br\/index.php?rest_route=\/wp\/v2\/types\/page"}],"author":[{"embeddable":true,"href":"https:\/\/osadcsons.com.br\/index.php?rest_route=\/wp\/v2\/users\/1"}],"replies":[{"embeddable":true,"href":"https:\/\/osadcsons.com.br\/index.php?rest_route=%2Fwp%2Fv2%2Fcomments&post=546"}],"version-history":[{"count":1,"href":"https:\/\/osadcsons.com.br\/index.php?rest_route=\/wp\/v2\/pages\/546\/revisions"}],"predecessor-version":[{"id":1420,"href":"https:\/\/osadcsons.com.br\/index.php?rest_route=\/wp\/v2\/pages\/546\/revisions\/1420"}],"wp:featuredmedia":[{"embeddable":true,"href":"https:\/\/osadcsons.com.br\/index.php?rest_route=\/wp\/v2\/media\/1025"}],"wp:attachment":[{"href":"https:\/\/osadcsons.com.br\/index.php?rest_route=%2Fwp%2Fv2%2Fmedia&parent=546"}],"wp:term":[{"taxonomy":"post_tag","embeddable":true,"href":"https:\/\/osadcsons.com.br\/index.php?rest_route=%2Fwp%2Fv2%2Ftags&post=546"}],"curies":[{"name":"wp","href":"https:\/\/api.w.org\/{rel}","templated":true}]}}