{"id":551,"date":"2020-05-21T13:02:30","date_gmt":"2020-05-21T13:02:30","guid":{"rendered":"http:\/\/hqd.mah.mybluehost.me\/themes\/anymag\/main\/?page_id=2"},"modified":"2024-02-09T19:54:40","modified_gmt":"2024-02-09T22:54:40","slug":"about-me","status":"publish","type":"page","link":"https:\/\/osadcsons.com.br\/?page_id=551","title":{"rendered":"Sobre os Adcsons"},"content":{"rendered":"\r\n<h2 class=\"wp-block-heading\">A amizade pode criar um ambiente de apoio emocional<\/h2>\r\n\r\n\r\n\r\n<div class=\"wp-block-columns is-layout-flex wp-container-core-columns-is-layout-9d6595d7 wp-block-columns-is-layout-flex\">\r\n<div class=\"wp-block-column is-layout-flow wp-block-column-is-layout-flow\">\r\n<figure class=\"wp-block-image size-large\"><img fetchpriority=\"high\" decoding=\"async\" class=\"alignnone wp-image-1341 size-full\" src=\"https:\/\/osadcsons.com.br\/wp-content\/uploads\/2024\/02\/karlinha.jpg\" alt=\"\" width=\"600\" height=\"750\" srcset=\"https:\/\/osadcsons.com.br\/wp-content\/uploads\/2024\/02\/karlinha.jpg 600w, https:\/\/osadcsons.com.br\/wp-content\/uploads\/2024\/02\/karlinha-240x300.jpg 240w\" sizes=\"(max-width: 600px) 100vw, 600px\" \/><\/figure>\r\n\r\n\r\n\r\n<p><strong>Karla The<\/strong> trabalha com adctos\u00a0 indiv\u00edduos ou em grupos para ajud\u00e1-los a identificar e alcan\u00e7ar seus objetivos pessoais ou profissionais, na recupera\u00e7\u00e3o de autonomia e incentivo para ajudar seus clientes a desenvolver habilidades, superar desafios e maximizar seu potencial. .<\/p>\r\n<\/div>\r\n\r\n\r\n\r\n<div class=\"wp-block-column is-layout-flow wp-block-column-is-layout-flow\">\r\n<figure class=\"wp-block-image size-large\"><img decoding=\"async\" class=\"alignnone wp-image-1342 size-full\" src=\"https:\/\/osadcsons.com.br\/wp-content\/uploads\/2024\/02\/paulinho.jpg\" alt=\"\" width=\"600\" height=\"750\" srcset=\"https:\/\/osadcsons.com.br\/wp-content\/uploads\/2024\/02\/paulinho.jpg 600w, https:\/\/osadcsons.com.br\/wp-content\/uploads\/2024\/02\/paulinho-240x300.jpg 240w\" sizes=\"(max-width: 600px) 100vw, 600px\" \/><\/figure>\r\n\r\n\r\n\r\n<p><em><strong>Paulinho\u00a0<\/strong> <\/em>Um designer ue cria solu\u00e7\u00f5es criativas para resolver problemas espec\u00edficos conheceu Karla em uma clinica e desde ent\u00e3o segue junto nesta constante luta de recupera\u00e7\u00e3o e liberta\u00e7\u00e3o\u00a0<\/p>\r\n<\/div>\r\n<\/div>\r\n\r\n\r\n\r\n<p>Embora sejam \u00e1reas profissionais distintas, tanto Karlinha quanto Paulinho desempenham pap\u00e9is importantes na orienta\u00e7\u00e3o e no desenvolvimento pessoal e profissional das pessoas em recupera\u00e7\u00e3o e criaram os Adcsons como uma forma de estar ajudando-as a alcan\u00e7ar seus objetivos e expressar sua criatividade de maneiras \u00fanicas e significativas.<\/p>\r\n\r\n\r\n\r\n<figure class=\"wp-block-image size-large\"><img decoding=\"async\" class=\"alignnone wp-image-1353 size-full\" src=\"https:\/\/osadcsons.com.br\/wp-content\/uploads\/2024\/02\/os-adcsons.jpg\" alt=\"\" width=\"1024\" height=\"1028\" srcset=\"https:\/\/osadcsons.com.br\/wp-content\/uploads\/2024\/02\/os-adcsons.jpg 1024w, https:\/\/osadcsons.com.br\/wp-content\/uploads\/2024\/02\/os-adcsons-300x300.jpg 300w, https:\/\/osadcsons.com.br\/wp-content\/uploads\/2024\/02\/os-adcsons-1020x1024.jpg 1020w, https:\/\/osadcsons.com.br\/wp-content\/uploads\/2024\/02\/os-adcsons-150x150.jpg 150w, https:\/\/osadcsons.com.br\/wp-content\/uploads\/2024\/02\/os-adcsons-768x771.jpg 768w, https:\/\/osadcsons.com.br\/wp-content\/uploads\/2024\/02\/os-adcsons-60x60.jpg 60w\" sizes=\"(max-width: 1024px) 100vw, 1024px\" \/><\/figure>\r\n","protected":false},"excerpt":{"rendered":"<p>A amizade pode criar um ambiente de apoio emocional Karla The trabalha com adctos\u00a0 indiv\u00edduos ou em grupos para ajud\u00e1-los a identificar e alcan\u00e7ar seus objetivos pessoais ou profissionais, na recupera\u00e7\u00e3o de autonomia e incentivo para ajudar seus clientes a desenvolver habilidades, superar desafios e maximizar seu potencial. . Paulinho\u00a0 Um designer ue cria solu\u00e7\u00f5es [&hellip;]<\/p>\n","protected":false},"author":1,"featured_media":1345,"parent":0,"menu_order":0,"comment_status":"closed","ping_status":"open","template":"","meta":{"_acf_changed":false,"footnotes":""},"tags":[],"class_list":["post-551","page","type-page","status-publish","has-post-thumbnail","hentry"],"acf":[],"_links":{"self":[{"href":"https:\/\/osadcsons.com.br\/index.php?rest_route=\/wp\/v2\/pages\/551","targetHints":{"allow":["GET"]}}],"collection":[{"href":"https:\/\/osadcsons.com.br\/index.php?rest_route=\/wp\/v2\/pages"}],"about":[{"href":"https:\/\/osadcsons.com.br\/index.php?rest_route=\/wp\/v2\/types\/page"}],"author":[{"embeddable":true,"href":"https:\/\/osadcsons.com.br\/index.php?rest_route=\/wp\/v2\/users\/1"}],"replies":[{"embeddable":true,"href":"https:\/\/osadcsons.com.br\/index.php?rest_route=%2Fwp%2Fv2%2Fcomments&post=551"}],"version-history":[{"count":10,"href":"https:\/\/osadcsons.com.br\/index.php?rest_route=\/wp\/v2\/pages\/551\/revisions"}],"predecessor-version":[{"id":1354,"href":"https:\/\/osadcsons.com.br\/index.php?rest_route=\/wp\/v2\/pages\/551\/revisions\/1354"}],"wp:featuredmedia":[{"embeddable":true,"href":"https:\/\/osadcsons.com.br\/index.php?rest_route=\/wp\/v2\/media\/1345"}],"wp:attachment":[{"href":"https:\/\/osadcsons.com.br\/index.php?rest_route=%2Fwp%2Fv2%2Fmedia&parent=551"}],"wp:term":[{"taxonomy":"post_tag","embeddable":true,"href":"https:\/\/osadcsons.com.br\/index.php?rest_route=%2Fwp%2Fv2%2Ftags&post=551"}],"curies":[{"name":"wp","href":"https:\/\/api.w.org\/{rel}","templated":true}]}}